{"id":1934,"date":"2024-03-21T09:10:44","date_gmt":"2024-03-21T09:10:44","guid":{"rendered":"https:\/\/henronbag.com\/?post_type=product&#038;p=1934"},"modified":"2024-03-21T09:10:45","modified_gmt":"2024-03-21T09:10:45","slug":"hr34007-quilted-puffy-bag","status":"publish","type":"product","link":"https:\/\/henronbag.com\/pt\/produto\/hr34007-quilted-puffy-bag\/","title":{"rendered":"Saco inchado acolchoado HR34007"},"content":{"rendered":"<p><strong><b><span style=\"font-size: 20px;\">Fornecedor\/f\u00e1brica de sacos OEM\/ODM por atacado na China.<\/span><\/b><\/strong><br \/>\n<strong><b><span style=\"font-size: 20px;\">Cap\u00edtulo 1 - Por que comprar e importar bolsas de n\u00f3s?<\/span><\/b><\/strong><br \/>\nEm primeiro lugar, a bolsa Henron possui uma cadeia industrial madura e abrangente para a produ\u00e7\u00e3o de malas e bolsas, o que significa que voc\u00ea tem acesso a uma ampla gama de produtos para escolher.<br \/>\nEm segundo lugar, a bolsa Henron \u00e9 conhecida pelas capacidades de produ\u00e7\u00e3o eficientes e econ\u00f4micas, o que significa que voc\u00ea pode obter produtos de alta qualidade a um pre\u00e7o competitivo.<br \/>\nEm terceiro lugar, a bolsa Henron tem experi\u00eancia na exporta\u00e7\u00e3o de seus produtos para diferentes partes do mundo, o que significa que estamos equipados com conhecimento de transporte e log\u00edstica tornando o processo de exporta\u00e7\u00e3o mais tranquilo.<\/p>\n<p><strong><b><span style=\"font-size: 20px;\">Cap\u00edtulo 2 \u2013 Que tipos de bolsas voc\u00ea pode comprar conosco?<\/span><\/b><\/strong><br \/>\nA bolsa Henron fabrica a maioria dos tipos de bolsas t\u00eaxteis e bolsas de couro falso, como: bolsas fast fashion, bolsas de cosm\u00e9ticos, bolsas de maquiagem, organizadores, organizadores de viagens, bolsas, bolsas de ombro, sacolas, mochila, bolsas femininas, bolsas de moda, bolsas PU, Sacos de PVC, sacos de compras, sacos de poli\u00e9ster, sacos t\u00e9rmicos, sacos de fraldas, sacos mami, sacos infantis, sacos tipo estilingue, sacos de cintura, lancheiras, estojos de viagem, sacos de higiene.<\/p>\n<p><strong><b><span style=\"font-size: 20px;\">Cap\u00edtulo 3 \u2013 Como podemos ajudar?<\/span><\/b><\/strong><br \/>\nA bolsa Henron tem diferentes maneiras de atrair clientes diferentes de todo o mundo.<br \/>\nse voc\u00ea \u00e9 uma marca: cadeia de suprimentos sustent\u00e1vel, variedade de tecidos, forte P&amp;D<br \/>\nse voc\u00ea \u00e9 uma loja de departamentos: recomenda\u00e7\u00e3o de design, qualidade confi\u00e1vel, cadeia de suprimentos sustent\u00e1vel<br \/>\nse voc\u00ea \u00e9 um atacadista: Recomenda\u00e7\u00e3o de design, Cadeia de suprimentos r\u00e1pida, MOQ flex\u00edvel<\/p>\n<p><span style=\"color: #ffffff; font-size: 1px;\">fabricante de bolsas, design de bolsas, f\u00e1brica de bolsas, materiais de couro, revestimentos imperme\u00e1veis, z\u00edperes de metal, processadores de tecidos, f\u00e1bricas de impress\u00e3o, f\u00e1bricas de alta tecnologia<\/span><\/p>","protected":false},"excerpt":{"rendered":"<p><em><strong><b>Especifica\u00e7\u00e3o<\/b><\/strong><\/em><br \/>\nTamanho: 38,5x29x16cm<br \/>\nMaterial do corpo: Nylon 100%<br \/>\ncom fio de seda recheado com saco inteiro.<br \/>\ncom padr\u00e3o acolchoado apenas na frente.<br \/>\ncom forro de algod\u00e3o TC no interior.<br \/>\ncom 1 z\u00edper principal de n\u00e1ilon na parte superior.<br \/>\ncom 1 bolso com z\u00edper de n\u00e1ilon na frente.<br \/>\ncom 1 bolso interno com z\u00edper de n\u00e1ilon.<br \/>\ncom al\u00e7a ajust\u00e1vel em imita\u00e7\u00e3o de nylon.<br \/>\n&#8212;&#8212;&#8212;&#8212;&#8212;&#8212;&#8212;&#8212;&#8212;&#8212;&#8212;&#8212;&#8212;&#8212;&#8212;&#8212;&#8212;&#8212;&#8212;&#8212;&#8212;-<br \/>\n<em><strong><b>Mais Informa\u00e7\u00f5es<\/b><\/strong><\/em><br \/>\nauditoria 1.BSCI.<br \/>\n2.Tamanho personalizado, cor, logotipo<br \/>\nquantidade 3.Big, produ\u00e7\u00e3o do projeto da promo\u00e7\u00e3o, pre\u00e7o do competidor!<br \/>\n4.Capacidade de amostragem r\u00e1pida e precisa.<br \/>\n&#8212;&#8212;&#8212;&#8212;&#8212;&#8212;&#8212;&#8212;&#8212;&#8212;&#8212;&#8212;&#8212;&#8212;&#8212;&#8212;&#8212;&#8212;&#8212;&#8212;&#8212;-<br \/>\n<em><strong><b>Informa\u00e7\u00f5es de contato<\/b><\/strong><\/em><br \/>\nE-mail:<a href=\"mailto:bags@hrgroupcn.com\"><u>bags@hrgroupcn.com<\/u><\/a><\/p>","protected":false},"featured_media":1938,"comment_status":"open","ping_status":"closed","template":"","meta":{"_kad_blocks_custom_css":"","_kad_blocks_head_custom_js":"","_kad_blocks_body_custom_js":"","_kad_blocks_footer_custom_js":"","_kad_post_transparent":"default","_kad_post_title":"","_kad_post_layout":"default","_kad_post_sidebar_id":"","_kad_post_content_style":"default","_kad_post_vertical_padding":"default","_kad_post_feature":"","_kad_post_feature_position":"","_kad_post_header":false,"_kad_post_footer":false},"product_cat":[21],"product_tag":[],"class_list":["post-1934","product","type-product","status-publish","has-post-thumbnail","hentry","product_cat-fashion-bags","entry","content-bg","loop-entry"],"yoast_head":"<!-- This site is optimized with the Yoast SEO Premium plugin v20.5 (Yoast SEO v20.7) - https:\/\/yoast.com\/wordpress\/plugins\/seo\/ -->\n<title>HR34007 Quilted Puffy Bag - HENRON BAG<\/title>\n<meta name=\"robots\" content=\"index, follow, max-snippet:-1, max-image-preview:large, max-video-preview:-1\" \/>\n<link rel=\"canonical\" href=\"https:\/\/henronbag.com\/pt\/produto\/hr34007-quilted-puffy-bag\/\" \/>\n<meta property=\"og:locale\" content=\"pt_BR\" \/>\n<meta property=\"og:type\" content=\"article\" \/>\n<meta property=\"og:title\" content=\"HR34007 Quilted Puffy Bag\" \/>\n<meta property=\"og:description\" content=\"Specification Size: 38.5x29x16cm Body Material: 100% Nylon with with silk floss stuffed whole bag. with quilted patten on front only. with TC Cotton lining inside. with 1 main nylon zipper on top. with 1 nylon zipper pocket on front. with 1 nylon zipper pocket inside. with ajustable imitation nylon shoulder strap. ---------------------------------------------------------------- More Information 1.BSCI audit. 2.Custom size, color, logo 3.Big qty, promotion project production, competitive price! 4.Fast &amp; Accurate sampling ability. ---------------------------------------------------------------- Contact Information Email:bags@hrgroupcn.com\" \/>\n<meta property=\"og:url\" content=\"https:\/\/henronbag.com\/pt\/produto\/hr34007-quilted-puffy-bag\/\" \/>\n<meta property=\"og:site_name\" content=\"HENRON BAG\" \/>\n<meta property=\"article:publisher\" content=\"https:\/\/www.facebook.com\/Henron-Bag-108934445539321\" \/>\n<meta property=\"article:modified_time\" content=\"2024-03-21T09:10:45+00:00\" \/>\n<meta property=\"og:image\" content=\"https:\/\/henronbag.com\/wp-content\/uploads\/2024\/03\/HR-34007-3.jpg\" \/>\n\t<meta property=\"og:image:width\" content=\"700\" \/>\n\t<meta property=\"og:image:height\" content=\"700\" \/>\n\t<meta property=\"og:image:type\" content=\"image\/jpeg\" \/>\n<meta name=\"twitter:card\" content=\"summary_large_image\" \/>\n<meta name=\"twitter:label1\" content=\"Est. tempo de leitura\" \/>\n\t<meta name=\"twitter:data1\" content=\"1 minuto\" \/>\n<script type=\"application\/ld+json\" class=\"yoast-schema-graph\">{\"@context\":\"https:\/\/schema.org\",\"@graph\":[{\"@type\":\"WebPage\",\"@id\":\"https:\/\/henronbag.com\/product\/hr34007-quilted-puffy-bag\/\",\"url\":\"https:\/\/henronbag.com\/product\/hr34007-quilted-puffy-bag\/\",\"name\":\"HR34007 Quilted Puffy Bag - HENRON BAG\",\"isPartOf\":{\"@id\":\"https:\/\/henronbag.com\/#website\"},\"datePublished\":\"2024-03-21T09:10:44+00:00\",\"dateModified\":\"2024-03-21T09:10:45+00:00\",\"breadcrumb\":{\"@id\":\"https:\/\/henronbag.com\/product\/hr34007-quilted-puffy-bag\/#breadcrumb\"},\"inLanguage\":\"pt-BR\",\"potentialAction\":[{\"@type\":\"ReadAction\",\"target\":[\"https:\/\/henronbag.com\/product\/hr34007-quilted-puffy-bag\/\"]}]},{\"@type\":\"BreadcrumbList\",\"@id\":\"https:\/\/henronbag.com\/product\/hr34007-quilted-puffy-bag\/#breadcrumb\",\"itemListElement\":[{\"@type\":\"ListItem\",\"position\":1,\"name\":\"Home\",\"item\":\"https:\/\/henronbag.com\/\"},{\"@type\":\"ListItem\",\"position\":2,\"name\":\"Shop\",\"item\":\"https:\/\/henronbag.com\/shop\/\"},{\"@type\":\"ListItem\",\"position\":3,\"name\":\"HR34007 Quilted Puffy Bag\"}]},{\"@type\":\"WebSite\",\"@id\":\"https:\/\/henronbag.com\/#website\",\"url\":\"https:\/\/henronbag.com\/\",\"name\":\"HENRON BAG\",\"description\":\"\",\"publisher\":{\"@id\":\"https:\/\/henronbag.com\/#organization\"},\"potentialAction\":[{\"@type\":\"SearchAction\",\"target\":{\"@type\":\"EntryPoint\",\"urlTemplate\":\"https:\/\/henronbag.com\/?s={search_term_string}\"},\"query-input\":\"required name=search_term_string\"}],\"inLanguage\":\"pt-BR\"},{\"@type\":\"Organization\",\"@id\":\"https:\/\/henronbag.com\/#organization\",\"name\":\"HENRON BAG\",\"url\":\"https:\/\/henronbag.com\/\",\"logo\":{\"@type\":\"ImageObject\",\"inLanguage\":\"pt-BR\",\"@id\":\"https:\/\/henronbag.com\/#\/schema\/logo\/image\/\",\"url\":\"https:\/\/henronbag.com\/wp-content\/uploads\/2023\/05\/kahuna_logo_update-300x80-1.png\",\"contentUrl\":\"https:\/\/henronbag.com\/wp-content\/uploads\/2023\/05\/kahuna_logo_update-300x80-1.png\",\"width\":300,\"height\":80,\"caption\":\"HENRON BAG\"},\"image\":{\"@id\":\"https:\/\/henronbag.com\/#\/schema\/logo\/image\/\"},\"sameAs\":[\"https:\/\/www.facebook.com\/Henron-Bag-108934445539321\"]}]}<\/script>\n<!-- \/ Yoast SEO Premium plugin. -->","yoast_head_json":{"title":"HR34007 Quilted Puffy Bag - HENRON BAG","robots":{"index":"index","follow":"follow","max-snippet":"max-snippet:-1","max-image-preview":"max-image-preview:large","max-video-preview":"max-video-preview:-1"},"canonical":"https:\/\/henronbag.com\/pt\/produto\/hr34007-quilted-puffy-bag\/","og_locale":"pt_BR","og_type":"article","og_title":"HR34007 Quilted Puffy Bag","og_description":"Specification Size: 38.5x29x16cm Body Material: 100% Nylon with with silk floss stuffed whole bag. with quilted patten on front only. with TC Cotton lining inside. with 1 main nylon zipper on top. with 1 nylon zipper pocket on front. with 1 nylon zipper pocket inside. with ajustable imitation nylon shoulder strap. ---------------------------------------------------------------- More Information 1.BSCI audit. 2.Custom size, color, logo 3.Big qty, promotion project production, competitive price! 4.Fast &amp; Accurate sampling ability. ---------------------------------------------------------------- Contact Information Email:bags@hrgroupcn.com","og_url":"https:\/\/henronbag.com\/pt\/produto\/hr34007-quilted-puffy-bag\/","og_site_name":"HENRON BAG","article_publisher":"https:\/\/www.facebook.com\/Henron-Bag-108934445539321","article_modified_time":"2024-03-21T09:10:45+00:00","og_image":[{"width":700,"height":700,"url":"https:\/\/henronbag.com\/wp-content\/uploads\/2024\/03\/HR-34007-3.jpg","type":"image\/jpeg"}],"twitter_card":"summary_large_image","twitter_misc":{"Est. tempo de leitura":"1 minuto"},"schema":{"@context":"https:\/\/schema.org","@graph":[{"@type":"WebPage","@id":"https:\/\/henronbag.com\/product\/hr34007-quilted-puffy-bag\/","url":"https:\/\/henronbag.com\/product\/hr34007-quilted-puffy-bag\/","name":"HR34007 Quilted Puffy Bag - HENRON BAG","isPartOf":{"@id":"https:\/\/henronbag.com\/#website"},"datePublished":"2024-03-21T09:10:44+00:00","dateModified":"2024-03-21T09:10:45+00:00","breadcrumb":{"@id":"https:\/\/henronbag.com\/product\/hr34007-quilted-puffy-bag\/#breadcrumb"},"inLanguage":"pt-BR","potentialAction":[{"@type":"ReadAction","target":["https:\/\/henronbag.com\/product\/hr34007-quilted-puffy-bag\/"]}]},{"@type":"BreadcrumbList","@id":"https:\/\/henronbag.com\/product\/hr34007-quilted-puffy-bag\/#breadcrumb","itemListElement":[{"@type":"ListItem","position":1,"name":"Home","item":"https:\/\/henronbag.com\/"},{"@type":"ListItem","position":2,"name":"Shop","item":"https:\/\/henronbag.com\/shop\/"},{"@type":"ListItem","position":3,"name":"HR34007 Quilted Puffy Bag"}]},{"@type":"WebSite","@id":"https:\/\/henronbag.com\/#website","url":"https:\/\/henronbag.com\/","name":"HENRON BAG","description":"","publisher":{"@id":"https:\/\/henronbag.com\/#organization"},"potentialAction":[{"@type":"SearchAction","target":{"@type":"EntryPoint","urlTemplate":"https:\/\/henronbag.com\/?s={search_term_string}"},"query-input":"required name=search_term_string"}],"inLanguage":"pt-BR"},{"@type":"Organization","@id":"https:\/\/henronbag.com\/#organization","name":"HENRON BAG","url":"https:\/\/henronbag.com\/","logo":{"@type":"ImageObject","inLanguage":"pt-BR","@id":"https:\/\/henronbag.com\/#\/schema\/logo\/image\/","url":"https:\/\/henronbag.com\/wp-content\/uploads\/2023\/05\/kahuna_logo_update-300x80-1.png","contentUrl":"https:\/\/henronbag.com\/wp-content\/uploads\/2023\/05\/kahuna_logo_update-300x80-1.png","width":300,"height":80,"caption":"HENRON BAG"},"image":{"@id":"https:\/\/henronbag.com\/#\/schema\/logo\/image\/"},"sameAs":["https:\/\/www.facebook.com\/Henron-Bag-108934445539321"]}]}},"featured_image_src_large":["https:\/\/henronbag.com\/wp-content\/uploads\/2024\/03\/HR-34007-3.jpg",700,700,false],"author_info":[],"comment_info":0,"taxonomy_info":{"product_cat":[{"value":21,"label":"Fashion Bags"}]},"_links":{"self":[{"href":"https:\/\/henronbag.com\/pt\/wp-json\/wp\/v2\/product\/1934","targetHints":{"allow":["GET"]}}],"collection":[{"href":"https:\/\/henronbag.com\/pt\/wp-json\/wp\/v2\/product"}],"about":[{"href":"https:\/\/henronbag.com\/pt\/wp-json\/wp\/v2\/types\/product"}],"replies":[{"embeddable":true,"href":"https:\/\/henronbag.com\/pt\/wp-json\/wp\/v2\/comments?post=1934"}],"wp:featuredmedia":[{"embeddable":true,"href":"https:\/\/henronbag.com\/pt\/wp-json\/wp\/v2\/media\/1938"}],"wp:attachment":[{"href":"https:\/\/henronbag.com\/pt\/wp-json\/wp\/v2\/media?parent=1934"}],"wp:term":[{"taxonomy":"product_cat","embeddable":true,"href":"https:\/\/henronbag.com\/pt\/wp-json\/wp\/v2\/product_cat?post=1934"},{"taxonomy":"product_tag","embeddable":true,"href":"https:\/\/henronbag.com\/pt\/wp-json\/wp\/v2\/product_tag?post=1934"}],"curies":[{"name":"wp","href":"https:\/\/api.w.org\/{rel}","templated":true}]}}