{"id":1805,"date":"2023-08-10T09:33:14","date_gmt":"2023-08-10T09:33:14","guid":{"rendered":"https:\/\/henronbag.com\/?post_type=product&#038;p=1805"},"modified":"2023-08-10T09:34:42","modified_gmt":"2023-08-10T09:34:42","slug":"belt-bag-fashionable-crossbody-fanny-pack-waist-bag","status":"publish","type":"product","link":"https:\/\/henronbag.com\/pt\/produto\/belt-bag-fashionable-crossbody-fanny-pack-waist-bag\/","title":{"rendered":"Bolsa de cintura elegante crossbody fanny pack bolsa de cintura"},"content":{"rendered":"<p><em><strong><b>Especifica\u00e7\u00e3o<\/b><\/strong><\/em><br \/>\nmaterial: Poli\u00e9ster<br \/>\nForro inteiro<br \/>\ncom bolso traseiro<br \/>\nal\u00e7a ajust\u00e1vel<br \/>\n&#8212;&#8212;&#8212;&#8212;&#8212;&#8212;&#8212;&#8212;&#8212;&#8212;&#8212;&#8212;&#8212;&#8212;&#8212;&#8212;&#8212;&#8212;&#8212;&#8212;&#8212;-<br \/>\n<em><strong><b>Mais Informa\u00e7\u00f5es<\/b><\/strong><\/em><br \/>\nauditoria 1.BSCI.<br \/>\n2. material de poli\u00e9ster sarja, f\u00e1cil de limpar.<br \/>\nquantidade 3.Big, produ\u00e7\u00e3o do projeto da promo\u00e7\u00e3o, pre\u00e7o do competidor!<br \/>\n4.Capacidade de amostragem r\u00e1pida e precisa.<br \/>\n&#8212;&#8212;&#8212;&#8212;&#8212;&#8212;&#8212;&#8212;&#8212;&#8212;&#8212;&#8212;&#8212;&#8212;&#8212;&#8212;&#8212;&#8212;&#8212;&#8212;&#8212;-<br \/>\n<em><strong><b>Informa\u00e7\u00f5es de contato<\/b><\/strong><\/em><br \/>\nE-mail:<a href=\"mailto:bags@hrgroupcn.com\"><u>bags@hrgroupcn.com<\/u><\/a><\/p>","protected":false},"excerpt":{"rendered":"<p><strong><b><span style=\"font-size: 20px;\">Fornecedor\/f\u00e1brica de sacos OEM\/ODM por atacado na China.<\/span><\/b><\/strong><br \/>\n<strong><b><span style=\"font-size: 20px;\">Cap\u00edtulo 1 - Por que comprar e importar bolsas de n\u00f3s?<\/span><\/b><\/strong><br \/>\nEm primeiro lugar, a bolsa Henron possui uma cadeia industrial madura e abrangente para a produ\u00e7\u00e3o de malas e bolsas, o que significa que voc\u00ea tem acesso a uma ampla gama de produtos para escolher.<br \/>\nEm segundo lugar, a bolsa Henron \u00e9 conhecida pelas capacidades de produ\u00e7\u00e3o eficientes e econ\u00f4micas, o que significa que voc\u00ea pode obter produtos de alta qualidade a um pre\u00e7o competitivo.<br \/>\nEm terceiro lugar, a bolsa Henron tem experi\u00eancia na exporta\u00e7\u00e3o de seus produtos para diferentes partes do mundo, o que significa que estamos equipados com conhecimento de transporte e log\u00edstica tornando o processo de exporta\u00e7\u00e3o mais tranquilo.<\/p>\n<p><strong><b><span style=\"font-size: 20px;\">Cap\u00edtulo 2 \u2013 Que tipos de bolsas voc\u00ea pode comprar conosco?<\/span><\/b><\/strong><br \/>\nA bolsa Henron fabrica a maioria dos tipos de bolsas t\u00eaxteis e bolsas de couro falso, como: bolsas cosm\u00e9ticas, bolsas de maquiagem, organizadores, organizadores de viagens, bolsas, bolsas de ombro, sacolas, mochila, bolsas femininas, bolsas da moda, bolsas PU, bolsas de PVC, compras bolsas, bolsas de poli\u00e9ster, bolsas t\u00e9rmicas, bolsas de fraldas, bolsas mami, bolsas infantis, bolsas tipo estilingue, bolsas de cintura, lancheiras, estojos de viagem, bolsas de higiene.<\/p>\n<p><strong><b><span style=\"font-size: 20px;\">Cap\u00edtulo 3 \u2013 Como podemos ajudar?<\/span><\/b><\/strong><br \/>\nA bolsa Henron tem diferentes maneiras de atrair clientes diferentes de todo o mundo.<br \/>\nse voc\u00ea \u00e9 uma marca: cadeia de suprimentos sustent\u00e1vel, variedade de tecidos, forte P&amp;D<br \/>\nse voc\u00ea \u00e9 uma loja de departamentos: recomenda\u00e7\u00e3o de design, qualidade confi\u00e1vel, cadeia de suprimentos sustent\u00e1vel<br \/>\nse voc\u00ea \u00e9 um atacadista: Recomenda\u00e7\u00e3o de design, Cadeia de suprimentos r\u00e1pida, MOQ flex\u00edvel<\/p>\n<p><span style=\"color: #ffffff; font-size: 1px;\">fabricante de bolsas, design de bolsas, f\u00e1brica de bolsas, materiais de couro, revestimentos imperme\u00e1veis, z\u00edperes de metal, processadores de tecidos, f\u00e1bricas de impress\u00e3o, f\u00e1bricas de alta tecnologia<\/span><\/p>","protected":false},"featured_media":1807,"comment_status":"open","ping_status":"closed","template":"","meta":{"_kad_blocks_custom_css":"","_kad_blocks_head_custom_js":"","_kad_blocks_body_custom_js":"","_kad_blocks_footer_custom_js":"","_kad_post_transparent":"default","_kad_post_title":"","_kad_post_layout":"default","_kad_post_sidebar_id":"","_kad_post_content_style":"default","_kad_post_vertical_padding":"default","_kad_post_feature":"","_kad_post_feature_position":"","_kad_post_header":false,"_kad_post_footer":false},"product_cat":[21,62],"product_tag":[],"class_list":["post-1805","product","type-product","status-publish","has-post-thumbnail","hentry","product_cat-fashion-bags","product_cat-hooot-sellings","entry","content-bg","loop-entry"],"yoast_head":"<!-- This site is optimized with the Yoast SEO Premium plugin v20.5 (Yoast SEO v20.7) - https:\/\/yoast.com\/wordpress\/plugins\/seo\/ -->\n<title>Belt Bag Fashionable Crossbody Fanny Pack Waist Bag - HENRON BAG<\/title>\n<meta name=\"robots\" content=\"index, follow, max-snippet:-1, max-image-preview:large, max-video-preview:-1\" \/>\n<link rel=\"canonical\" href=\"https:\/\/henronbag.com\/pt\/produto\/belt-bag-fashionable-crossbody-fanny-pack-waist-bag\/\" \/>\n<meta property=\"og:locale\" content=\"pt_BR\" \/>\n<meta property=\"og:type\" content=\"article\" \/>\n<meta property=\"og:title\" content=\"Belt Bag Fashionable Crossbody Fanny Pack Waist Bag\" \/>\n<meta property=\"og:description\" content=\"Wholesale OEM\/ODM bag supplier\/factory in China. Chapter 1 -Why buy and import bags from us? Firstly, Henron bag\u00a0has a mature and comprehensive industrial chain for the production of luggage and bags, which means you have access to a wide range of products to choose from. Secondly, Henron bag is known for the efficient and cost-effective production capabilities, meaning you can get high-quality products at a competitive price. Thirdly, Henron bag has\u00a0experience in exporting their products to different parts of the world, means\u00a0we\u00a0are equipped with knowledge of transportation and logistics making the export process smoother.  Chapter 2 - What types of bags you can buy from us? Henron bag makes most kinds of the textile bags and fake leather bags, like: cosmetic bags,makeup bags,Organizers,travel organizers,Handbags,Shoulder bags,Tote bags,backpack,lady bags,fashion bags,PU bags,PVC bags,shopping bags,polyester bags,cooler bags,diaper bags,mami bags,kids bags,sling bags,waist bags,lunch bags,travel cases,toiletry bags.  Chapter 3 - How we can help? Henron bag has differnt ways to drive different customers from all over the world. if you are a Brand: Sustainable Supply Chain, Fabric Variety, Strong R&amp;D if you are a Department Store: Design Recommendation, Reliable Quality, Sustainable Supply Chain if you are a Wholesaler: Design Recommendation, Rapid Supply Chain, Flexible MOQ  bags manufacturer, bags design,bags factory,Leather materials,Waterproof coatings,Metal zippers,Fabric processors,Printing factories,High-tech factories\" \/>\n<meta property=\"og:url\" content=\"https:\/\/henronbag.com\/pt\/produto\/belt-bag-fashionable-crossbody-fanny-pack-waist-bag\/\" \/>\n<meta property=\"og:site_name\" content=\"HENRON BAG\" \/>\n<meta property=\"article:publisher\" content=\"https:\/\/www.facebook.com\/Henron-Bag-108934445539321\" \/>\n<meta property=\"article:modified_time\" content=\"2023-08-10T09:34:42+00:00\" \/>\n<meta property=\"og:image\" content=\"https:\/\/henronbag.com\/wp-content\/uploads\/2023\/08\/FB2.jpg\" \/>\n\t<meta property=\"og:image:width\" content=\"1000\" \/>\n\t<meta property=\"og:image:height\" content=\"943\" \/>\n\t<meta property=\"og:image:type\" content=\"image\/jpeg\" \/>\n<meta name=\"twitter:card\" content=\"summary_large_image\" \/>\n<meta name=\"twitter:label1\" content=\"Est. tempo de leitura\" \/>\n\t<meta name=\"twitter:data1\" content=\"1 minuto\" \/>\n<script type=\"application\/ld+json\" class=\"yoast-schema-graph\">{\"@context\":\"https:\/\/schema.org\",\"@graph\":[{\"@type\":\"WebPage\",\"@id\":\"https:\/\/henronbag.com\/product\/belt-bag-fashionable-crossbody-fanny-pack-waist-bag\/\",\"url\":\"https:\/\/henronbag.com\/product\/belt-bag-fashionable-crossbody-fanny-pack-waist-bag\/\",\"name\":\"Belt Bag Fashionable Crossbody Fanny Pack Waist Bag - HENRON BAG\",\"isPartOf\":{\"@id\":\"https:\/\/henronbag.com\/#website\"},\"datePublished\":\"2023-08-10T09:33:14+00:00\",\"dateModified\":\"2023-08-10T09:34:42+00:00\",\"breadcrumb\":{\"@id\":\"https:\/\/henronbag.com\/product\/belt-bag-fashionable-crossbody-fanny-pack-waist-bag\/#breadcrumb\"},\"inLanguage\":\"pt-BR\",\"potentialAction\":[{\"@type\":\"ReadAction\",\"target\":[\"https:\/\/henronbag.com\/product\/belt-bag-fashionable-crossbody-fanny-pack-waist-bag\/\"]}]},{\"@type\":\"BreadcrumbList\",\"@id\":\"https:\/\/henronbag.com\/product\/belt-bag-fashionable-crossbody-fanny-pack-waist-bag\/#breadcrumb\",\"itemListElement\":[{\"@type\":\"ListItem\",\"position\":1,\"name\":\"Home\",\"item\":\"https:\/\/henronbag.com\/\"},{\"@type\":\"ListItem\",\"position\":2,\"name\":\"Shop\",\"item\":\"https:\/\/henronbag.com\/shop\/\"},{\"@type\":\"ListItem\",\"position\":3,\"name\":\"Belt Bag Fashionable Crossbody Fanny Pack Waist Bag\"}]},{\"@type\":\"WebSite\",\"@id\":\"https:\/\/henronbag.com\/#website\",\"url\":\"https:\/\/henronbag.com\/\",\"name\":\"HENRON BAG\",\"description\":\"\",\"publisher\":{\"@id\":\"https:\/\/henronbag.com\/#organization\"},\"potentialAction\":[{\"@type\":\"SearchAction\",\"target\":{\"@type\":\"EntryPoint\",\"urlTemplate\":\"https:\/\/henronbag.com\/?s={search_term_string}\"},\"query-input\":\"required name=search_term_string\"}],\"inLanguage\":\"pt-BR\"},{\"@type\":\"Organization\",\"@id\":\"https:\/\/henronbag.com\/#organization\",\"name\":\"HENRON BAG\",\"url\":\"https:\/\/henronbag.com\/\",\"logo\":{\"@type\":\"ImageObject\",\"inLanguage\":\"pt-BR\",\"@id\":\"https:\/\/henronbag.com\/#\/schema\/logo\/image\/\",\"url\":\"https:\/\/henronbag.com\/wp-content\/uploads\/2023\/05\/kahuna_logo_update-300x80-1.png\",\"contentUrl\":\"https:\/\/henronbag.com\/wp-content\/uploads\/2023\/05\/kahuna_logo_update-300x80-1.png\",\"width\":300,\"height\":80,\"caption\":\"HENRON BAG\"},\"image\":{\"@id\":\"https:\/\/henronbag.com\/#\/schema\/logo\/image\/\"},\"sameAs\":[\"https:\/\/www.facebook.com\/Henron-Bag-108934445539321\"]}]}<\/script>\n<!-- \/ Yoast SEO Premium plugin. -->","yoast_head_json":{"title":"Belt Bag Fashionable Crossbody Fanny Pack Waist Bag - HENRON BAG","robots":{"index":"index","follow":"follow","max-snippet":"max-snippet:-1","max-image-preview":"max-image-preview:large","max-video-preview":"max-video-preview:-1"},"canonical":"https:\/\/henronbag.com\/pt\/produto\/belt-bag-fashionable-crossbody-fanny-pack-waist-bag\/","og_locale":"pt_BR","og_type":"article","og_title":"Belt Bag Fashionable Crossbody Fanny Pack Waist Bag","og_description":"Wholesale OEM\/ODM bag supplier\/factory in China. Chapter 1 -Why buy and import bags from us? Firstly, Henron bag\u00a0has a mature and comprehensive industrial chain for the production of luggage and bags, which means you have access to a wide range of products to choose from. Secondly, Henron bag is known for the efficient and cost-effective production capabilities, meaning you can get high-quality products at a competitive price. Thirdly, Henron bag has\u00a0experience in exporting their products to different parts of the world, means\u00a0we\u00a0are equipped with knowledge of transportation and logistics making the export process smoother.  Chapter 2 - What types of bags you can buy from us? Henron bag makes most kinds of the textile bags and fake leather bags, like: cosmetic bags,makeup bags,Organizers,travel organizers,Handbags,Shoulder bags,Tote bags,backpack,lady bags,fashion bags,PU bags,PVC bags,shopping bags,polyester bags,cooler bags,diaper bags,mami bags,kids bags,sling bags,waist bags,lunch bags,travel cases,toiletry bags.  Chapter 3 - How we can help? Henron bag has differnt ways to drive different customers from all over the world. if you are a Brand: Sustainable Supply Chain, Fabric Variety, Strong R&amp;D if you are a Department Store: Design Recommendation, Reliable Quality, Sustainable Supply Chain if you are a Wholesaler: Design Recommendation, Rapid Supply Chain, Flexible MOQ  bags manufacturer, bags design,bags factory,Leather materials,Waterproof coatings,Metal zippers,Fabric processors,Printing factories,High-tech factories","og_url":"https:\/\/henronbag.com\/pt\/produto\/belt-bag-fashionable-crossbody-fanny-pack-waist-bag\/","og_site_name":"HENRON BAG","article_publisher":"https:\/\/www.facebook.com\/Henron-Bag-108934445539321","article_modified_time":"2023-08-10T09:34:42+00:00","og_image":[{"width":1000,"height":943,"url":"https:\/\/henronbag.com\/wp-content\/uploads\/2023\/08\/FB2.jpg","type":"image\/jpeg"}],"twitter_card":"summary_large_image","twitter_misc":{"Est. tempo de leitura":"1 minuto"},"schema":{"@context":"https:\/\/schema.org","@graph":[{"@type":"WebPage","@id":"https:\/\/henronbag.com\/product\/belt-bag-fashionable-crossbody-fanny-pack-waist-bag\/","url":"https:\/\/henronbag.com\/product\/belt-bag-fashionable-crossbody-fanny-pack-waist-bag\/","name":"Belt Bag Fashionable Crossbody Fanny Pack Waist Bag - HENRON BAG","isPartOf":{"@id":"https:\/\/henronbag.com\/#website"},"datePublished":"2023-08-10T09:33:14+00:00","dateModified":"2023-08-10T09:34:42+00:00","breadcrumb":{"@id":"https:\/\/henronbag.com\/product\/belt-bag-fashionable-crossbody-fanny-pack-waist-bag\/#breadcrumb"},"inLanguage":"pt-BR","potentialAction":[{"@type":"ReadAction","target":["https:\/\/henronbag.com\/product\/belt-bag-fashionable-crossbody-fanny-pack-waist-bag\/"]}]},{"@type":"BreadcrumbList","@id":"https:\/\/henronbag.com\/product\/belt-bag-fashionable-crossbody-fanny-pack-waist-bag\/#breadcrumb","itemListElement":[{"@type":"ListItem","position":1,"name":"Home","item":"https:\/\/henronbag.com\/"},{"@type":"ListItem","position":2,"name":"Shop","item":"https:\/\/henronbag.com\/shop\/"},{"@type":"ListItem","position":3,"name":"Belt Bag Fashionable Crossbody Fanny Pack Waist Bag"}]},{"@type":"WebSite","@id":"https:\/\/henronbag.com\/#website","url":"https:\/\/henronbag.com\/","name":"HENRON BAG","description":"","publisher":{"@id":"https:\/\/henronbag.com\/#organization"},"potentialAction":[{"@type":"SearchAction","target":{"@type":"EntryPoint","urlTemplate":"https:\/\/henronbag.com\/?s={search_term_string}"},"query-input":"required name=search_term_string"}],"inLanguage":"pt-BR"},{"@type":"Organization","@id":"https:\/\/henronbag.com\/#organization","name":"HENRON BAG","url":"https:\/\/henronbag.com\/","logo":{"@type":"ImageObject","inLanguage":"pt-BR","@id":"https:\/\/henronbag.com\/#\/schema\/logo\/image\/","url":"https:\/\/henronbag.com\/wp-content\/uploads\/2023\/05\/kahuna_logo_update-300x80-1.png","contentUrl":"https:\/\/henronbag.com\/wp-content\/uploads\/2023\/05\/kahuna_logo_update-300x80-1.png","width":300,"height":80,"caption":"HENRON BAG"},"image":{"@id":"https:\/\/henronbag.com\/#\/schema\/logo\/image\/"},"sameAs":["https:\/\/www.facebook.com\/Henron-Bag-108934445539321"]}]}},"featured_image_src_large":["https:\/\/henronbag.com\/wp-content\/uploads\/2023\/08\/FB2.jpg",1000,943,false],"author_info":[],"comment_info":0,"taxonomy_info":{"product_cat":[{"value":21,"label":"Fashion Bags"},{"value":62,"label":"Hooot Sellings"}]},"_links":{"self":[{"href":"https:\/\/henronbag.com\/pt\/wp-json\/wp\/v2\/product\/1805","targetHints":{"allow":["GET"]}}],"collection":[{"href":"https:\/\/henronbag.com\/pt\/wp-json\/wp\/v2\/product"}],"about":[{"href":"https:\/\/henronbag.com\/pt\/wp-json\/wp\/v2\/types\/product"}],"replies":[{"embeddable":true,"href":"https:\/\/henronbag.com\/pt\/wp-json\/wp\/v2\/comments?post=1805"}],"wp:featuredmedia":[{"embeddable":true,"href":"https:\/\/henronbag.com\/pt\/wp-json\/wp\/v2\/media\/1807"}],"wp:attachment":[{"href":"https:\/\/henronbag.com\/pt\/wp-json\/wp\/v2\/media?parent=1805"}],"wp:term":[{"taxonomy":"product_cat","embeddable":true,"href":"https:\/\/henronbag.com\/pt\/wp-json\/wp\/v2\/product_cat?post=1805"},{"taxonomy":"product_tag","embeddable":true,"href":"https:\/\/henronbag.com\/pt\/wp-json\/wp\/v2\/product_tag?post=1805"}],"curies":[{"name":"wp","href":"https:\/\/api.w.org\/{rel}","templated":true}]}}