{"id":1541,"date":"2023-06-15T07:56:43","date_gmt":"2023-06-15T07:56:43","guid":{"rendered":"https:\/\/henronbag.com\/?post_type=product&#038;p=1541"},"modified":"2023-06-21T08:45:33","modified_gmt":"2023-06-21T08:45:33","slug":"hr13329-v-line-pu-backpack","status":"publish","type":"product","link":"https:\/\/henronbag.com\/pt\/produto\/hr13329-v-line-pu-backpack\/","title":{"rendered":"Mochila PU linha V HR13329"},"content":{"rendered":"<p><strong><b><span style=\"font-size: 20px;\">Fornecedor\/f\u00e1brica de sacos OEM\/ODM por atacado na China.<\/span><\/b><\/strong><br \/>\n<strong><b><span style=\"font-size: 20px;\">Cap\u00edtulo 1 - Por que comprar e importar bolsas de n\u00f3s?<\/span><\/b><\/strong><br \/>\nEm primeiro lugar, a bolsa Henron possui uma cadeia industrial madura e abrangente para a produ\u00e7\u00e3o de malas e bolsas, o que significa que voc\u00ea tem acesso a uma ampla gama de produtos para escolher.<br \/>\nEm segundo lugar, a bolsa Henron \u00e9 conhecida pelas capacidades de produ\u00e7\u00e3o eficientes e econ\u00f4micas, o que significa que voc\u00ea pode obter produtos de alta qualidade a um pre\u00e7o competitivo.<br \/>\nEm terceiro lugar, a bolsa Henron tem experi\u00eancia na exporta\u00e7\u00e3o de seus produtos para diferentes partes do mundo, o que significa que estamos equipados com conhecimento de transporte e log\u00edstica tornando o processo de exporta\u00e7\u00e3o mais tranquilo.<\/p>\n<p><strong><b><span style=\"font-size: 20px;\">Cap\u00edtulo 2 \u2013 Que tipos de bolsas voc\u00ea pode comprar conosco?<\/span><\/b><\/strong><br \/>\nA bolsa Henron fabrica a maioria dos tipos de bolsas t\u00eaxteis e bolsas de couro falso, como: bolsas cosm\u00e9ticas, bolsas de maquiagem, organizadores, organizadores de viagens, bolsas, bolsas de ombro, sacolas, mochila, bolsas femininas, bolsas da moda, bolsas PU, bolsas de PVC, compras bolsas, bolsas de poli\u00e9ster, bolsas t\u00e9rmicas, bolsas de fraldas, bolsas mami, bolsas infantis, bolsas tipo estilingue, bolsas de cintura, lancheiras, estojos de viagem, bolsas de higiene.<\/p>\n<p><strong><b><span style=\"font-size: 20px;\">Cap\u00edtulo 3 \u2013 Como podemos ajudar?<\/span><\/b><\/strong><br \/>\nA bolsa Henron tem diferentes maneiras de atrair clientes diferentes de todo o mundo.<br \/>\nse voc\u00ea \u00e9 uma marca: cadeia de suprimentos sustent\u00e1vel, variedade de tecidos, forte P&amp;D<br \/>\nse voc\u00ea \u00e9 uma loja de departamentos: recomenda\u00e7\u00e3o de design, qualidade confi\u00e1vel, cadeia de suprimentos sustent\u00e1vel<br \/>\nse voc\u00ea \u00e9 um atacadista: Recomenda\u00e7\u00e3o de design, Cadeia de suprimentos r\u00e1pida, MOQ flex\u00edvel<\/p>\n<p><span style=\"color: #ffffff; font-size: 1px;\">fabricante de bolsas, design de bolsas, f\u00e1brica de bolsas, materiais de couro, revestimentos imperme\u00e1veis, z\u00edperes de metal, processadores de tecidos, f\u00e1bricas de impress\u00e3o, f\u00e1bricas de alta tecnologia<\/span><\/p>","protected":false},"excerpt":{"rendered":"<p><em><strong>Especifica\u00e7\u00e3o<\/strong><\/em><br \/>\nTamanho: 22*26*10cm<br \/>\nmaterial: semi PU<br \/>\ncom forro de poli\u00e9ster por dentro<br \/>\ncom 1 bolso principal<br \/>\ncom 1 bolso frontal<br \/>\ncom 1 bolso pequeno na lateral<br \/>\ncom grava\u00e7\u00e3o em V na frente<br \/>\n&#8212;&#8212;&#8212;&#8212;&#8212;&#8212;&#8212;&#8212;&#8212;&#8212;&#8212;&#8212;&#8212;&#8212;&#8212;&#8212;&#8212;&#8212;&#8212;&#8212;&#8212;-<br \/>\n<em><strong><b>Mais Informa\u00e7\u00f5es<\/b><\/strong><\/em><br \/>\n1.f\u00e1cil de limpar<br \/>\n2. Multi-cores para sua escolha<br \/>\n3.REACH\/Prop 65Teste de queda<br \/>\n4. Capacidade de amostragem r\u00e1pida e precisa<br \/>\n&#8212;&#8212;&#8212;&#8212;&#8212;&#8212;&#8212;&#8212;&#8212;&#8212;&#8212;&#8212;&#8212;&#8212;&#8212;&#8212;&#8212;&#8212;&#8212;&#8212;&#8212;-<br \/>\n<em><strong><b>Informa\u00e7\u00f5es de contato<\/b><\/strong><\/em><br \/>\nE-mail:<a href=\"mailto:bags@hrgroupcn.com\"><u>bags@hrgroupcn.com<\/u><\/a><\/p>","protected":false},"featured_media":840,"comment_status":"open","ping_status":"closed","template":"","meta":{"_kad_blocks_custom_css":"","_kad_blocks_head_custom_js":"","_kad_blocks_body_custom_js":"","_kad_blocks_footer_custom_js":"","_kad_post_transparent":"default","_kad_post_title":"","_kad_post_layout":"default","_kad_post_sidebar_id":"","_kad_post_content_style":"default","_kad_post_vertical_padding":"default","_kad_post_feature":"","_kad_post_feature_position":"","_kad_post_header":false,"_kad_post_footer":false},"product_cat":[20],"product_tag":[],"class_list":["post-1541","product","type-product","status-publish","has-post-thumbnail","hentry","product_cat-backpacks","entry","content-bg","loop-entry"],"yoast_head":"<!-- This site is optimized with the Yoast SEO Premium plugin v20.5 (Yoast SEO v20.7) - https:\/\/yoast.com\/wordpress\/plugins\/seo\/ -->\n<title>HR13329 V-line PU Backpack - HENRON BAG<\/title>\n<meta name=\"robots\" content=\"index, follow, max-snippet:-1, max-image-preview:large, max-video-preview:-1\" \/>\n<link rel=\"canonical\" href=\"https:\/\/henronbag.com\/pt\/produto\/hr13329-v-line-pu-backpack\/\" \/>\n<meta property=\"og:locale\" content=\"pt_BR\" \/>\n<meta property=\"og:type\" content=\"article\" \/>\n<meta property=\"og:title\" content=\"HR13329 V-line PU Backpack\" \/>\n<meta property=\"og:description\" content=\"Specification size: 22*26*10cm material: semi PU with polyester lining inside with 1 main pocket with 1 front pocket with 1 small pocket in side with V-line deboss in front ---------------------------------------------------------------- More Information 1.easy to wipe clean 2.Multi-colors for your choice 3.REACH\/Prop 65Drop test 4.Fast &amp; Accurate sampling ability ---------------------------------------------------------------- Contact Information Email:bags@hrgroupcn.com\" \/>\n<meta property=\"og:url\" content=\"https:\/\/henronbag.com\/pt\/produto\/hr13329-v-line-pu-backpack\/\" \/>\n<meta property=\"og:site_name\" content=\"HENRON BAG\" \/>\n<meta property=\"article:publisher\" content=\"https:\/\/www.facebook.com\/Henron-Bag-108934445539321\" \/>\n<meta property=\"article:modified_time\" content=\"2023-06-21T08:45:33+00:00\" \/>\n<meta property=\"og:image\" content=\"https:\/\/henronbag.com\/wp-content\/uploads\/2023\/05\/HR-13329.jpg\" \/>\n\t<meta property=\"og:image:width\" content=\"700\" \/>\n\t<meta property=\"og:image:height\" content=\"700\" \/>\n\t<meta property=\"og:image:type\" content=\"image\/jpeg\" \/>\n<meta name=\"twitter:card\" content=\"summary_large_image\" \/>\n<script type=\"application\/ld+json\" class=\"yoast-schema-graph\">{\"@context\":\"https:\/\/schema.org\",\"@graph\":[{\"@type\":\"WebPage\",\"@id\":\"https:\/\/henronbag.com\/product\/hr13329-v-line-pu-backpack\/\",\"url\":\"https:\/\/henronbag.com\/product\/hr13329-v-line-pu-backpack\/\",\"name\":\"HR13329 V-line PU Backpack - HENRON BAG\",\"isPartOf\":{\"@id\":\"https:\/\/henronbag.com\/#website\"},\"datePublished\":\"2023-06-15T07:56:43+00:00\",\"dateModified\":\"2023-06-21T08:45:33+00:00\",\"breadcrumb\":{\"@id\":\"https:\/\/henronbag.com\/product\/hr13329-v-line-pu-backpack\/#breadcrumb\"},\"inLanguage\":\"pt-BR\",\"potentialAction\":[{\"@type\":\"ReadAction\",\"target\":[\"https:\/\/henronbag.com\/product\/hr13329-v-line-pu-backpack\/\"]}]},{\"@type\":\"BreadcrumbList\",\"@id\":\"https:\/\/henronbag.com\/product\/hr13329-v-line-pu-backpack\/#breadcrumb\",\"itemListElement\":[{\"@type\":\"ListItem\",\"position\":1,\"name\":\"Home\",\"item\":\"https:\/\/henronbag.com\/\"},{\"@type\":\"ListItem\",\"position\":2,\"name\":\"Shop\",\"item\":\"https:\/\/henronbag.com\/shop\/\"},{\"@type\":\"ListItem\",\"position\":3,\"name\":\"HR13329 V-line PU Backpack\"}]},{\"@type\":\"WebSite\",\"@id\":\"https:\/\/henronbag.com\/#website\",\"url\":\"https:\/\/henronbag.com\/\",\"name\":\"HENRON BAG\",\"description\":\"\",\"publisher\":{\"@id\":\"https:\/\/henronbag.com\/#organization\"},\"potentialAction\":[{\"@type\":\"SearchAction\",\"target\":{\"@type\":\"EntryPoint\",\"urlTemplate\":\"https:\/\/henronbag.com\/?s={search_term_string}\"},\"query-input\":\"required name=search_term_string\"}],\"inLanguage\":\"pt-BR\"},{\"@type\":\"Organization\",\"@id\":\"https:\/\/henronbag.com\/#organization\",\"name\":\"HENRON BAG\",\"url\":\"https:\/\/henronbag.com\/\",\"logo\":{\"@type\":\"ImageObject\",\"inLanguage\":\"pt-BR\",\"@id\":\"https:\/\/henronbag.com\/#\/schema\/logo\/image\/\",\"url\":\"https:\/\/henronbag.com\/wp-content\/uploads\/2023\/05\/kahuna_logo_update-300x80-1.png\",\"contentUrl\":\"https:\/\/henronbag.com\/wp-content\/uploads\/2023\/05\/kahuna_logo_update-300x80-1.png\",\"width\":300,\"height\":80,\"caption\":\"HENRON BAG\"},\"image\":{\"@id\":\"https:\/\/henronbag.com\/#\/schema\/logo\/image\/\"},\"sameAs\":[\"https:\/\/www.facebook.com\/Henron-Bag-108934445539321\"]}]}<\/script>\n<!-- \/ Yoast SEO Premium plugin. -->","yoast_head_json":{"title":"HR13329 V-line PU Backpack - HENRON BAG","robots":{"index":"index","follow":"follow","max-snippet":"max-snippet:-1","max-image-preview":"max-image-preview:large","max-video-preview":"max-video-preview:-1"},"canonical":"https:\/\/henronbag.com\/pt\/produto\/hr13329-v-line-pu-backpack\/","og_locale":"pt_BR","og_type":"article","og_title":"HR13329 V-line PU Backpack","og_description":"Specification size: 22*26*10cm material: semi PU with polyester lining inside with 1 main pocket with 1 front pocket with 1 small pocket in side with V-line deboss in front ---------------------------------------------------------------- More Information 1.easy to wipe clean 2.Multi-colors for your choice 3.REACH\/Prop 65Drop test 4.Fast &amp; Accurate sampling ability ---------------------------------------------------------------- Contact Information Email:bags@hrgroupcn.com","og_url":"https:\/\/henronbag.com\/pt\/produto\/hr13329-v-line-pu-backpack\/","og_site_name":"HENRON BAG","article_publisher":"https:\/\/www.facebook.com\/Henron-Bag-108934445539321","article_modified_time":"2023-06-21T08:45:33+00:00","og_image":[{"width":700,"height":700,"url":"https:\/\/henronbag.com\/wp-content\/uploads\/2023\/05\/HR-13329.jpg","type":"image\/jpeg"}],"twitter_card":"summary_large_image","schema":{"@context":"https:\/\/schema.org","@graph":[{"@type":"WebPage","@id":"https:\/\/henronbag.com\/product\/hr13329-v-line-pu-backpack\/","url":"https:\/\/henronbag.com\/product\/hr13329-v-line-pu-backpack\/","name":"HR13329 V-line PU Backpack - HENRON BAG","isPartOf":{"@id":"https:\/\/henronbag.com\/#website"},"datePublished":"2023-06-15T07:56:43+00:00","dateModified":"2023-06-21T08:45:33+00:00","breadcrumb":{"@id":"https:\/\/henronbag.com\/product\/hr13329-v-line-pu-backpack\/#breadcrumb"},"inLanguage":"pt-BR","potentialAction":[{"@type":"ReadAction","target":["https:\/\/henronbag.com\/product\/hr13329-v-line-pu-backpack\/"]}]},{"@type":"BreadcrumbList","@id":"https:\/\/henronbag.com\/product\/hr13329-v-line-pu-backpack\/#breadcrumb","itemListElement":[{"@type":"ListItem","position":1,"name":"Home","item":"https:\/\/henronbag.com\/"},{"@type":"ListItem","position":2,"name":"Shop","item":"https:\/\/henronbag.com\/shop\/"},{"@type":"ListItem","position":3,"name":"HR13329 V-line PU Backpack"}]},{"@type":"WebSite","@id":"https:\/\/henronbag.com\/#website","url":"https:\/\/henronbag.com\/","name":"HENRON BAG","description":"","publisher":{"@id":"https:\/\/henronbag.com\/#organization"},"potentialAction":[{"@type":"SearchAction","target":{"@type":"EntryPoint","urlTemplate":"https:\/\/henronbag.com\/?s={search_term_string}"},"query-input":"required name=search_term_string"}],"inLanguage":"pt-BR"},{"@type":"Organization","@id":"https:\/\/henronbag.com\/#organization","name":"HENRON BAG","url":"https:\/\/henronbag.com\/","logo":{"@type":"ImageObject","inLanguage":"pt-BR","@id":"https:\/\/henronbag.com\/#\/schema\/logo\/image\/","url":"https:\/\/henronbag.com\/wp-content\/uploads\/2023\/05\/kahuna_logo_update-300x80-1.png","contentUrl":"https:\/\/henronbag.com\/wp-content\/uploads\/2023\/05\/kahuna_logo_update-300x80-1.png","width":300,"height":80,"caption":"HENRON BAG"},"image":{"@id":"https:\/\/henronbag.com\/#\/schema\/logo\/image\/"},"sameAs":["https:\/\/www.facebook.com\/Henron-Bag-108934445539321"]}]}},"featured_image_src_large":["https:\/\/henronbag.com\/wp-content\/uploads\/2023\/05\/HR-13329.jpg",700,700,false],"author_info":[],"comment_info":0,"taxonomy_info":{"product_cat":[{"value":20,"label":"Backpacks"}]},"_links":{"self":[{"href":"https:\/\/henronbag.com\/pt\/wp-json\/wp\/v2\/product\/1541","targetHints":{"allow":["GET"]}}],"collection":[{"href":"https:\/\/henronbag.com\/pt\/wp-json\/wp\/v2\/product"}],"about":[{"href":"https:\/\/henronbag.com\/pt\/wp-json\/wp\/v2\/types\/product"}],"replies":[{"embeddable":true,"href":"https:\/\/henronbag.com\/pt\/wp-json\/wp\/v2\/comments?post=1541"}],"wp:featuredmedia":[{"embeddable":true,"href":"https:\/\/henronbag.com\/pt\/wp-json\/wp\/v2\/media\/840"}],"wp:attachment":[{"href":"https:\/\/henronbag.com\/pt\/wp-json\/wp\/v2\/media?parent=1541"}],"wp:term":[{"taxonomy":"product_cat","embeddable":true,"href":"https:\/\/henronbag.com\/pt\/wp-json\/wp\/v2\/product_cat?post=1541"},{"taxonomy":"product_tag","embeddable":true,"href":"https:\/\/henronbag.com\/pt\/wp-json\/wp\/v2\/product_tag?post=1541"}],"curies":[{"name":"wp","href":"https:\/\/api.w.org\/{rel}","templated":true}]}}