{"id":1267,"date":"2023-06-09T07:48:26","date_gmt":"2023-06-09T07:48:26","guid":{"rendered":"https:\/\/henronbag.com\/?post_type=product&#038;p=1267"},"modified":"2023-06-12T07:09:03","modified_gmt":"2023-06-12T07:09:03","slug":"hr13405-girls-teddy-tote-bags","status":"publish","type":"product","link":"https:\/\/henronbag.com\/pt\/produto\/hr13405-girls-teddy-tote-bags\/","title":{"rendered":"Bolsas de pel\u00facia para meninas HR13405"},"content":{"rendered":"<p><span style=\"color: #ffffff; font-size: 1px;\">bolsas de cosm\u00e9ticos, bolsas de maquiagem, organizadores, organizadores de viagens, bolsas, bolsas de ombro, sacolas, mochila, bolsas femininas, bolsas de moda, bolsas PU, bolsas de PVC, sacolas de compras, bolsas de poli\u00e9ster, bolsas t\u00e9rmicas, bolsas de fraldas, bolsas mami, bolsas infantis , bolsas tipo estilingue, bolsas de cintura, lancheiras, estojos de viagem, bolsas de higiene, fabricante de bolsas, design de bolsas, f\u00e1brica de bolsas, materiais de couro, revestimentos imperme\u00e1veis, z\u00edperes de metal, processadores de tecido, f\u00e1bricas de impress\u00e3o, f\u00e1bricas de alta tecnologia<\/span><\/p>","protected":false},"excerpt":{"rendered":"<p><em><strong>Especifica\u00e7\u00e3o<\/strong><\/em><br \/>\ntamanho: 24*9*20 cm<br \/>\nmaterial: veludo de pel\u00facia<br \/>\ncom forro de poli\u00e9ster por dentro<br \/>\ncom 1 bolso principal<br \/>\ncom placa de metal<br \/>\n&#8212;&#8212;&#8212;&#8212;&#8212;&#8212;&#8212;&#8212;&#8212;&#8212;&#8212;&#8212;&#8212;&#8212;&#8212;&#8212;&#8212;&#8212;&#8212;&#8212;&#8212;-<br \/>\n<em><strong><b>Mais Informa\u00e7\u00f5es<\/b><\/strong><\/em><br \/>\n1.Grande capacidade<br \/>\n2. Feito sob medida<br \/>\n3. N\u00f3s possu\u00edmos essas auditorias: BSCI\/SEDEX<br \/>\n4. Cadeia de suprimentos sustent\u00e1vel<br \/>\n&#8212;&#8212;&#8212;&#8212;&#8212;&#8212;&#8212;&#8212;&#8212;&#8212;&#8212;&#8212;&#8212;&#8212;&#8212;&#8212;&#8212;&#8212;&#8212;&#8212;&#8212;-<br \/>\n<em><strong><b>Informa\u00e7\u00f5es de contato<\/b><\/strong><\/em><br \/>\nE-mail:<a href=\"mailto:bags@hrgroupcn.com\"><u>bags@hrgroupcn.com<\/u><\/a><\/p>","protected":false},"featured_media":946,"comment_status":"open","ping_status":"closed","template":"","meta":{"_kad_blocks_custom_css":"","_kad_blocks_head_custom_js":"","_kad_blocks_body_custom_js":"","_kad_blocks_footer_custom_js":"","_kad_post_transparent":"default","_kad_post_title":"","_kad_post_layout":"default","_kad_post_sidebar_id":"","_kad_post_content_style":"default","_kad_post_vertical_padding":"default","_kad_post_feature":"","_kad_post_feature_position":"","_kad_post_header":false,"_kad_post_footer":false},"product_cat":[21],"product_tag":[],"class_list":["post-1267","product","type-product","status-publish","has-post-thumbnail","hentry","product_cat-fashion-bags","entry","content-bg","loop-entry"],"yoast_head":"<!-- This site is optimized with the Yoast SEO Premium plugin v20.5 (Yoast SEO v20.7) - https:\/\/yoast.com\/wordpress\/plugins\/seo\/ -->\n<title>HR13405 Girls Teddy Tote bags - HENRON BAG<\/title>\n<meta name=\"robots\" content=\"index, follow, max-snippet:-1, max-image-preview:large, max-video-preview:-1\" \/>\n<link rel=\"canonical\" href=\"https:\/\/henronbag.com\/pt\/produto\/hr13405-girls-teddy-tote-bags\/\" \/>\n<meta property=\"og:locale\" content=\"pt_BR\" \/>\n<meta property=\"og:type\" content=\"article\" \/>\n<meta property=\"og:title\" content=\"HR13405 Girls Teddy Tote bags\" \/>\n<meta property=\"og:description\" content=\"Specification size:24*9*20cm material: Teddy velvet with polyester lining inside with 1 main pocket with metal plate ---------------------------------------------------------------- More Information 1.Large Capacity 2.Custom Made 3.We own these audits: BSCI\/SEDEX 4.Sustainable supply chain ---------------------------------------------------------------- Contact Information Email:bags@hrgroupcn.com\" \/>\n<meta property=\"og:url\" content=\"https:\/\/henronbag.com\/pt\/produto\/hr13405-girls-teddy-tote-bags\/\" \/>\n<meta property=\"og:site_name\" content=\"HENRON BAG\" \/>\n<meta property=\"article:publisher\" content=\"https:\/\/www.facebook.com\/Henron-Bag-108934445539321\" \/>\n<meta property=\"article:modified_time\" content=\"2023-06-12T07:09:03+00:00\" \/>\n<meta property=\"og:image\" content=\"https:\/\/henronbag.com\/wp-content\/uploads\/2023\/05\/HR-13405.jpg\" \/>\n\t<meta property=\"og:image:width\" content=\"700\" \/>\n\t<meta property=\"og:image:height\" content=\"700\" \/>\n\t<meta property=\"og:image:type\" content=\"image\/jpeg\" \/>\n<meta name=\"twitter:card\" content=\"summary_large_image\" \/>\n<script type=\"application\/ld+json\" class=\"yoast-schema-graph\">{\"@context\":\"https:\/\/schema.org\",\"@graph\":[{\"@type\":\"WebPage\",\"@id\":\"https:\/\/henronbag.com\/product\/hr13405-girls-teddy-tote-bags\/\",\"url\":\"https:\/\/henronbag.com\/product\/hr13405-girls-teddy-tote-bags\/\",\"name\":\"HR13405 Girls Teddy Tote bags - HENRON BAG\",\"isPartOf\":{\"@id\":\"https:\/\/henronbag.com\/#website\"},\"datePublished\":\"2023-06-09T07:48:26+00:00\",\"dateModified\":\"2023-06-12T07:09:03+00:00\",\"breadcrumb\":{\"@id\":\"https:\/\/henronbag.com\/product\/hr13405-girls-teddy-tote-bags\/#breadcrumb\"},\"inLanguage\":\"pt-BR\",\"potentialAction\":[{\"@type\":\"ReadAction\",\"target\":[\"https:\/\/henronbag.com\/product\/hr13405-girls-teddy-tote-bags\/\"]}]},{\"@type\":\"BreadcrumbList\",\"@id\":\"https:\/\/henronbag.com\/product\/hr13405-girls-teddy-tote-bags\/#breadcrumb\",\"itemListElement\":[{\"@type\":\"ListItem\",\"position\":1,\"name\":\"Home\",\"item\":\"https:\/\/henronbag.com\/\"},{\"@type\":\"ListItem\",\"position\":2,\"name\":\"Shop\",\"item\":\"https:\/\/henronbag.com\/shop\/\"},{\"@type\":\"ListItem\",\"position\":3,\"name\":\"HR13405 Girls Teddy Tote bags\"}]},{\"@type\":\"WebSite\",\"@id\":\"https:\/\/henronbag.com\/#website\",\"url\":\"https:\/\/henronbag.com\/\",\"name\":\"HENRON BAG\",\"description\":\"\",\"publisher\":{\"@id\":\"https:\/\/henronbag.com\/#organization\"},\"potentialAction\":[{\"@type\":\"SearchAction\",\"target\":{\"@type\":\"EntryPoint\",\"urlTemplate\":\"https:\/\/henronbag.com\/?s={search_term_string}\"},\"query-input\":\"required name=search_term_string\"}],\"inLanguage\":\"pt-BR\"},{\"@type\":\"Organization\",\"@id\":\"https:\/\/henronbag.com\/#organization\",\"name\":\"HENRON BAG\",\"url\":\"https:\/\/henronbag.com\/\",\"logo\":{\"@type\":\"ImageObject\",\"inLanguage\":\"pt-BR\",\"@id\":\"https:\/\/henronbag.com\/#\/schema\/logo\/image\/\",\"url\":\"https:\/\/henronbag.com\/wp-content\/uploads\/2023\/05\/kahuna_logo_update-300x80-1.png\",\"contentUrl\":\"https:\/\/henronbag.com\/wp-content\/uploads\/2023\/05\/kahuna_logo_update-300x80-1.png\",\"width\":300,\"height\":80,\"caption\":\"HENRON BAG\"},\"image\":{\"@id\":\"https:\/\/henronbag.com\/#\/schema\/logo\/image\/\"},\"sameAs\":[\"https:\/\/www.facebook.com\/Henron-Bag-108934445539321\"]}]}<\/script>\n<!-- \/ Yoast SEO Premium plugin. -->","yoast_head_json":{"title":"HR13405 Girls Teddy Tote bags - HENRON BAG","robots":{"index":"index","follow":"follow","max-snippet":"max-snippet:-1","max-image-preview":"max-image-preview:large","max-video-preview":"max-video-preview:-1"},"canonical":"https:\/\/henronbag.com\/pt\/produto\/hr13405-girls-teddy-tote-bags\/","og_locale":"pt_BR","og_type":"article","og_title":"HR13405 Girls Teddy Tote bags","og_description":"Specification size:24*9*20cm material: Teddy velvet with polyester lining inside with 1 main pocket with metal plate ---------------------------------------------------------------- More Information 1.Large Capacity 2.Custom Made 3.We own these audits: BSCI\/SEDEX 4.Sustainable supply chain ---------------------------------------------------------------- Contact Information Email:bags@hrgroupcn.com","og_url":"https:\/\/henronbag.com\/pt\/produto\/hr13405-girls-teddy-tote-bags\/","og_site_name":"HENRON BAG","article_publisher":"https:\/\/www.facebook.com\/Henron-Bag-108934445539321","article_modified_time":"2023-06-12T07:09:03+00:00","og_image":[{"width":700,"height":700,"url":"https:\/\/henronbag.com\/wp-content\/uploads\/2023\/05\/HR-13405.jpg","type":"image\/jpeg"}],"twitter_card":"summary_large_image","schema":{"@context":"https:\/\/schema.org","@graph":[{"@type":"WebPage","@id":"https:\/\/henronbag.com\/product\/hr13405-girls-teddy-tote-bags\/","url":"https:\/\/henronbag.com\/product\/hr13405-girls-teddy-tote-bags\/","name":"HR13405 Girls Teddy Tote bags - HENRON BAG","isPartOf":{"@id":"https:\/\/henronbag.com\/#website"},"datePublished":"2023-06-09T07:48:26+00:00","dateModified":"2023-06-12T07:09:03+00:00","breadcrumb":{"@id":"https:\/\/henronbag.com\/product\/hr13405-girls-teddy-tote-bags\/#breadcrumb"},"inLanguage":"pt-BR","potentialAction":[{"@type":"ReadAction","target":["https:\/\/henronbag.com\/product\/hr13405-girls-teddy-tote-bags\/"]}]},{"@type":"BreadcrumbList","@id":"https:\/\/henronbag.com\/product\/hr13405-girls-teddy-tote-bags\/#breadcrumb","itemListElement":[{"@type":"ListItem","position":1,"name":"Home","item":"https:\/\/henronbag.com\/"},{"@type":"ListItem","position":2,"name":"Shop","item":"https:\/\/henronbag.com\/shop\/"},{"@type":"ListItem","position":3,"name":"HR13405 Girls Teddy Tote bags"}]},{"@type":"WebSite","@id":"https:\/\/henronbag.com\/#website","url":"https:\/\/henronbag.com\/","name":"HENRON BAG","description":"","publisher":{"@id":"https:\/\/henronbag.com\/#organization"},"potentialAction":[{"@type":"SearchAction","target":{"@type":"EntryPoint","urlTemplate":"https:\/\/henronbag.com\/?s={search_term_string}"},"query-input":"required name=search_term_string"}],"inLanguage":"pt-BR"},{"@type":"Organization","@id":"https:\/\/henronbag.com\/#organization","name":"HENRON BAG","url":"https:\/\/henronbag.com\/","logo":{"@type":"ImageObject","inLanguage":"pt-BR","@id":"https:\/\/henronbag.com\/#\/schema\/logo\/image\/","url":"https:\/\/henronbag.com\/wp-content\/uploads\/2023\/05\/kahuna_logo_update-300x80-1.png","contentUrl":"https:\/\/henronbag.com\/wp-content\/uploads\/2023\/05\/kahuna_logo_update-300x80-1.png","width":300,"height":80,"caption":"HENRON BAG"},"image":{"@id":"https:\/\/henronbag.com\/#\/schema\/logo\/image\/"},"sameAs":["https:\/\/www.facebook.com\/Henron-Bag-108934445539321"]}]}},"featured_image_src_large":["https:\/\/henronbag.com\/wp-content\/uploads\/2023\/05\/HR-13405.jpg",700,700,false],"author_info":[],"comment_info":0,"taxonomy_info":{"product_cat":[{"value":21,"label":"Fashion Bags"}]},"_links":{"self":[{"href":"https:\/\/henronbag.com\/pt\/wp-json\/wp\/v2\/product\/1267","targetHints":{"allow":["GET"]}}],"collection":[{"href":"https:\/\/henronbag.com\/pt\/wp-json\/wp\/v2\/product"}],"about":[{"href":"https:\/\/henronbag.com\/pt\/wp-json\/wp\/v2\/types\/product"}],"replies":[{"embeddable":true,"href":"https:\/\/henronbag.com\/pt\/wp-json\/wp\/v2\/comments?post=1267"}],"wp:featuredmedia":[{"embeddable":true,"href":"https:\/\/henronbag.com\/pt\/wp-json\/wp\/v2\/media\/946"}],"wp:attachment":[{"href":"https:\/\/henronbag.com\/pt\/wp-json\/wp\/v2\/media?parent=1267"}],"wp:term":[{"taxonomy":"product_cat","embeddable":true,"href":"https:\/\/henronbag.com\/pt\/wp-json\/wp\/v2\/product_cat?post=1267"},{"taxonomy":"product_tag","embeddable":true,"href":"https:\/\/henronbag.com\/pt\/wp-json\/wp\/v2\/product_tag?post=1267"}],"curies":[{"name":"wp","href":"https:\/\/api.w.org\/{rel}","templated":true}]}}